{"id":946,"date":"2015-06-27T11:56:25","date_gmt":"2015-06-26T23:56:25","guid":{"rendered":"http:\/\/www.dnwfriends.nzl.org\/?page_id=946"},"modified":"2024-07-24T10:36:49","modified_gmt":"2024-07-23T22:36:49","slug":"research-recipients","status":"publish","type":"page","link":"https:\/\/dnwfriends.nzl.org\/index.php\/home\/research_grant\/research-recipients\/","title":{"rendered":"Research Recipients"},"content":{"rendered":"<div id=\"lefthead\">\n<h1>Research Undertaken by Past Recipients<\/h1>\n<div class=\"pictureright\">\u00a0<\/div>\n<\/div>\n<div class=\"caption\"><big>The Friends of the DNW Collection gives an annual scholarship for research using the collections. The scholarship is currently for $2000, awarded for academic research using one or more of the Friend&#8217;s Collections. Donations for this are welcome.<\/big><br \/>See the <a href=\"file:\/\/\/home\/jj\/websites\/dnw\/archive\/scholcon.html\"> research grant<\/a> conditions<\/div>\n<figure id=\"attachment_948\" aria-describedby=\"caption-attachment-948\" style=\"width: 300px\" class=\"wp-caption alignleft\"><a href=\"http:\/\/www.dnwfriends.nzl.org\/wp-content\/uploads\/2015\/06\/tania.jpg\"><img decoding=\"async\" loading=\"lazy\" class=\"wp-image-948 size-medium\" title=\"Tania Connelly\" src=\"http:\/\/www.dnwfriends.nzl.org\/wp-content\/uploads\/2015\/06\/tania-300x225.jpg\" alt=\"Tania Connelly\" width=\"300\" height=\"225\" srcset=\"https:\/\/dnwfriends.nzl.org\/wp-content\/uploads\/2015\/06\/tania-300x225.jpg 300w, https:\/\/dnwfriends.nzl.org\/wp-content\/uploads\/2015\/06\/tania.jpg 320w\" sizes=\"(max-width: 300px) 100vw, 300px\" \/><\/a><figcaption id=\"caption-attachment-948\" class=\"wp-caption-text\">Tania Connelly a recipient of the Friends Scholarship 2001<\/figcaption><\/figure>\n<p><strong>Tania Connelly<\/strong> a recipient of the Friends Scholarship 2001.<br \/>This was the inaugural award. Tania used the DNW Collection to investigate the portrayal of Irish characters in books for children published before 1940 &#8211; a research project completed as part of the Master of Library and Information Studies.<\/p>\n<figure id=\"attachment_949\" aria-describedby=\"caption-attachment-949\" style=\"width: 300px\" class=\"wp-caption alignright\"><a href=\"http:\/\/www.dnwfriends.nzl.org\/wp-content\/uploads\/2015\/06\/emma1.jpg\"><img decoding=\"async\" loading=\"lazy\" class=\"wp-image-949 size-medium\" src=\"http:\/\/www.dnwfriends.nzl.org\/wp-content\/uploads\/2015\/06\/emma1-300x228.jpg\" alt=\"Emma Macdonald\" width=\"300\" height=\"228\" srcset=\"https:\/\/dnwfriends.nzl.org\/wp-content\/uploads\/2015\/06\/emma1-300x228.jpg 300w, https:\/\/dnwfriends.nzl.org\/wp-content\/uploads\/2015\/06\/emma1.jpg 334w\" sizes=\"(max-width: 300px) 100vw, 300px\" \/><\/a><figcaption id=\"caption-attachment-949\" class=\"wp-caption-text\">Emma Macdonald a recipient of the Friends Scholarship 2002.<\/figcaption><\/figure>\n<p><strong>Emma Macdonald<\/strong> a recipient of the Friends Scholarship 2002.<br \/>Emma&#8217;s Master of Library and Information Studies research project was to examine the portrayal of female characters in books from the Dorothy Neal White Collection that have been re-issued and are still available in public libraries, highlight any archaic or negative portrayals, and question whether these books are suitable for continued use.<\/p>\n<p><strong>Caroline Campbell &#8211; 2003<\/strong><br \/>Caroline used the DNW Collection to research the usage and design of illustration in junior fiction in New Zealand from 1890-1920, and its impact on the formation of a national identity at a time when New Zealand, while still a colony, was establishing its own seminal persona as separate and distinct from Australia.<br \/>In 2004 no award was made but there was some further support given to Caroline Campbell<\/p>\n<figure id=\"attachment_950\" aria-describedby=\"caption-attachment-950\" style=\"width: 100px\" class=\"wp-caption alignleft\"><a href=\"http:\/\/www.dnwfriends.nzl.org\/wp-content\/uploads\/2015\/06\/andrewfrancis.jpg\"><img decoding=\"async\" loading=\"lazy\" class=\"wp-image-950 size-full\" title=\"Andrew Francis\" src=\"http:\/\/www.dnwfriends.nzl.org\/wp-content\/uploads\/2015\/06\/andrewfrancis.jpg\" alt=\"Andrew Francis\" width=\"100\" height=\"140\" \/><\/a><figcaption id=\"caption-attachment-950\" class=\"wp-caption-text\">\ufffc\ufffcAndrew Francis \u2013 Recipient 2005<\/figcaption><\/figure>\n<p><strong>Andrew Francis &#8211; 2005<\/strong><br \/>As part of his research Andrew is looking at the way in which Germans were portrayed in books and magazines for children. He has used publications held in the DNW Collection. Andrew&#8217;s PhD thesis is looking at anti-alienism prior to World War 1.<\/p>\n<p><strong>Bea Turner \u2013 2008<\/strong><br \/>Bea\u2019s research was for her MA thesis and she used the DNW Collection to interrogate the Victorian myths of childhood through the representation of the child and the world in fantasy literature and fairy tales of the period. Bea\u2019s thesis is available online: <a href=\"http:\/\/researcharchive.vuw.ac.nz\/xmlui\/bitstream\/handle\/10063\/1274\/thesis.pdf?sequence=1\">http:\/\/researcharchive.vuw.ac.nz\/xmlui\/bitstream\/handle\/10063\/1274\/thesis.pdf?sequence=1<\/a><br \/>Using her research, Bea also wrote:<br \/><em>Notes, books, authors number 11: Keeping \u201ceach of the twos in its right place\u201d: the problematic return journey in The cuckoo clock and The tapestry room by Mrs Molesworth.<\/em><br \/><a href=\"http:\/\/www.dnwfriends.nzl.org\/index.php\/2015\/05\/28\/nba11\/\">http:\/\/www.dnwfriends.nzl.org\/index.php\/2015\/05\/28\/nba11\/<\/a><\/p>\n<p><strong>Anne Siebeck &#8211; 2011<\/strong><br \/>Anne was awarded the grant to assist with her PhD research into translated children\u2019s fiction in New Zealand. Part of her research was an analysis of translated fiction held in the DNW Collection and the National Children\u2019s Collection.<br \/>Anne\u2019s work is available in:<br \/><em>Translated children&#8217;s fiction in New Zealand : history, conditions of production, case studies \/ Anne Siebeck.<\/em><br \/><em>Frankfurt am Main : Peter Lang Edition, 2014.<\/em><\/p>\n<p><strong>Nicola Daly &#8211; 2014<\/strong><br \/><a href=\"http:\/\/www.dnwfriends.nzl.org\/wp-content\/uploads\/2018\/05\/nicola.jpg\"><img decoding=\"async\" loading=\"lazy\" class=\"size-full wp-image-1697 alignleft\" src=\"http:\/\/www.dnwfriends.nzl.org\/wp-content\/uploads\/2018\/05\/nicola.jpg\" alt=\"\" width=\"110\" height=\"166\" \/><\/a>Nicola is a Senior Lecturer in Waikato University\u2019s Faculty of Education. Her area of expertise is linguistics \u2013 specifically sociolinguistics, language teacher education, and M\u0101ori loanwords in New Zealand English children\u2019s picture books.<\/p>\n<p>Using a set of 54 books from the Dorothy Neal White Collection, Nicola\u2019s research examined the use of labels for the Indigenous and non-Indigenous, the colonized and the colonizer, who in contemporary New Zealand society are known as M\u0101ori and P\u0101keh\u0101. Her findings were published in The New review of children\u2019s literature and librarianship:<br \/>Daly, N. (2017). Pa\u0304keha\u0304- Ma\u0304ori: European-Native. Ethnic labeling in the Dorothy Neal White Collection. <em>The New review of children&#8217;s literature and librarianship<\/em>, 23(1), 1-12.<\/p>\n<p><strong>Kay Hancock &#8211; 2016<\/strong><\/p>\n<p><a href=\"http:\/\/www.dnwfriends.nzl.org\/wp-content\/uploads\/2018\/05\/hanco.jpg\"><img decoding=\"async\" loading=\"lazy\" class=\"size-full wp-image-1696 alignleft\" src=\"http:\/\/www.dnwfriends.nzl.org\/wp-content\/uploads\/2018\/05\/hanco.jpg\" alt=\"\" width=\"100\" height=\"100\" \/><\/a>Kay is currently working on her PhD thesis at Victoria University of Wellington, exploring the early years of the Ready to read instructional reading series. Her research grant project will examine New Zealand picture books of the 1940s and 1950s, including: their characteristics, how New Zealand children and lifestyles are portrayed, and the relationship between picture books available to New Zealand children and the books that were published in the 1963 <em>Ready to Read series<\/em>.<br \/>Kay\u2019s research was published by the Friends as part of our <em>Notes, books, authors<\/em> series:<br \/><em>Notes, books, authors no.14. Dismal, didactic, or delightful?: New Zealand picture books of the 1940s and 1950s. <br \/><\/em><a href=\"https:\/\/dnwfriends.nzl.org\/wp-content\/uploads\/2023\/09\/FDNW-NBA-number-14-FINAL-single-pages.pdf\" data-saferedirecturl=\"https:\/\/www.google.com\/url?q=https:\/\/dnwfriends.nzl.org\/wp-content\/uploads\/2023\/09\/FDNW-NBA-number-14-FINAL-single-pages.pdf&amp;source=gmail&amp;ust=1721859566702000&amp;usg=AOvVaw3ZjkVDQ0QyNJ_y5PG3NWRb\">https:\/\/dnwfriends.nzl.org\/wp-content\/uploads\/2023\/09\/FDNW-NBA-number-14-FINAL-single-pages.pdf<\/a><\/p>\n\n\n<p><strong>Talia Crockett &#8211; 2020<\/strong><\/p>\n\n\n\n<p>Talia made use of the research grant to support her PhD research at Victoria University of Wellington. Talia\u2019s dissertation examines ethical representations of trauma in young adult Holocaust, postcolonial, and family trauma literature, and it is available online here:<\/p>\n\n\n\n<p><a href=\"https:\/\/figshare.com\/articles\/thesis\/Ethical_Representations_of_Trauma_in_Young_Adult_Literature\/22329712\">https:\/\/figshare.com\/articles\/thesis\/Ethical_Representations_of_Trauma_in_Young_Adult_Literature\/22329712<\/a><\/p>\n","protected":false},"excerpt":{"rendered":"<p>Research Undertaken by Past Recipients \u00a0 The Friends of the DNW Collection gives an annual&#8230;<\/p>\n","protected":false},"author":1,"featured_media":0,"parent":33,"menu_order":0,"comment_status":"open","ping_status":"open","template":"","meta":{"footnotes":""},"_links":{"self":[{"href":"https:\/\/dnwfriends.nzl.org\/index.php\/wp-json\/wp\/v2\/pages\/946"}],"collection":[{"href":"https:\/\/dnwfriends.nzl.org\/index.php\/wp-json\/wp\/v2\/pages"}],"about":[{"href":"https:\/\/dnwfriends.nzl.org\/index.php\/wp-json\/wp\/v2\/types\/page"}],"author":[{"embeddable":true,"href":"https:\/\/dnwfriends.nzl.org\/index.php\/wp-json\/wp\/v2\/users\/1"}],"replies":[{"embeddable":true,"href":"https:\/\/dnwfriends.nzl.org\/index.php\/wp-json\/wp\/v2\/comments?post=946"}],"version-history":[{"count":16,"href":"https:\/\/dnwfriends.nzl.org\/index.php\/wp-json\/wp\/v2\/pages\/946\/revisions"}],"predecessor-version":[{"id":2696,"href":"https:\/\/dnwfriends.nzl.org\/index.php\/wp-json\/wp\/v2\/pages\/946\/revisions\/2696"}],"up":[{"embeddable":true,"href":"https:\/\/dnwfriends.nzl.org\/index.php\/wp-json\/wp\/v2\/pages\/33"}],"wp:attachment":[{"href":"https:\/\/dnwfriends.nzl.org\/index.php\/wp-json\/wp\/v2\/media?parent=946"}],"curies":[{"name":"wp","href":"https:\/\/api.w.org\/{rel}","templated":true}]}}