{"id":2260,"date":"2021-11-29T15:15:18","date_gmt":"2021-11-29T02:15:18","guid":{"rendered":"https:\/\/dnwfriends.nzl.org\/?page_id=2260"},"modified":"2021-11-30T12:33:21","modified_gmt":"2021-11-29T23:33:21","slug":"friends-display-case-11-21","status":"publish","type":"page","link":"https:\/\/dnwfriends.nzl.org\/index.php\/friends-display-case-11-21\/","title":{"rendered":"Friends Display Case 11\/21"},"content":{"rendered":"\n<p>Artist Lithography in Children\u2019s Books \u2014 Lithography is a printing method which takes an image from a flat surface, using the principle of the opposition between oil and water. In artist lithography (also called autolithography or hand lithography) the artist draws or paints directly onto a stone, transfer paper or printing plate using oil-based media, for example a special grease pencil. The artwork then goes through a preparatory process before the image can be printed onto paper. This process gives the artist full control over their work, for example colour blending, tone and shading. In other lithography processes, an artist\u2019s illustration is transferred to the printing plate by professional lithographers before being printed. This display is available to view on the 1st floor of the National Library in Wellington.   <\/p>\n\n\n\n<ul class=\"wp-block-gallery alignfull columns-3 is-cropped wp-block-gallery-1 is-layout-flex wp-block-gallery-is-layout-flex\"><li class=\"blocks-gallery-item\"><figure><img decoding=\"async\" loading=\"lazy\" width=\"1024\" height=\"719\" src=\"https:\/\/dnwfriends.nzl.org\/wp-content\/uploads\/2021\/11\/dnw7-1024x719.jpg\" alt=\"\" data-id=\"2261\" data-link=\"https:\/\/dnwfriends.nzl.org\/?attachment_id=2261\" class=\"wp-image-2261\" srcset=\"https:\/\/dnwfriends.nzl.org\/wp-content\/uploads\/2021\/11\/dnw7-1024x719.jpg 1024w, https:\/\/dnwfriends.nzl.org\/wp-content\/uploads\/2021\/11\/dnw7-300x211.jpg 300w, https:\/\/dnwfriends.nzl.org\/wp-content\/uploads\/2021\/11\/dnw7-768x539.jpg 768w, https:\/\/dnwfriends.nzl.org\/wp-content\/uploads\/2021\/11\/dnw7.jpg 2016w\" sizes=\"(max-width: 1024px) 100vw, 1024px\" \/><figcaption>1<\/figcaption><\/figure><\/li><li class=\"blocks-gallery-item\"><figure><img decoding=\"async\" loading=\"lazy\" width=\"1024\" height=\"768\" src=\"https:\/\/dnwfriends.nzl.org\/wp-content\/uploads\/2021\/11\/dnw6-1024x768.jpg\" alt=\"\" data-id=\"2262\" data-link=\"https:\/\/dnwfriends.nzl.org\/?attachment_id=2262\" class=\"wp-image-2262\" srcset=\"https:\/\/dnwfriends.nzl.org\/wp-content\/uploads\/2021\/11\/dnw6-1024x768.jpg 1024w, https:\/\/dnwfriends.nzl.org\/wp-content\/uploads\/2021\/11\/dnw6-300x225.jpg 300w, https:\/\/dnwfriends.nzl.org\/wp-content\/uploads\/2021\/11\/dnw6-768x576.jpg 768w, https:\/\/dnwfriends.nzl.org\/wp-content\/uploads\/2021\/11\/dnw6-350x263.jpg 350w, https:\/\/dnwfriends.nzl.org\/wp-content\/uploads\/2021\/11\/dnw6.jpg 2016w\" sizes=\"(max-width: 1024px) 100vw, 1024px\" \/><figcaption>2<\/figcaption><\/figure><\/li><li class=\"blocks-gallery-item\"><figure><img decoding=\"async\" loading=\"lazy\" width=\"1024\" height=\"687\" src=\"https:\/\/dnwfriends.nzl.org\/wp-content\/uploads\/2021\/11\/dnw5-1024x687.jpg\" alt=\"\" data-id=\"2263\" data-link=\"https:\/\/dnwfriends.nzl.org\/?attachment_id=2263\" class=\"wp-image-2263\" srcset=\"https:\/\/dnwfriends.nzl.org\/wp-content\/uploads\/2021\/11\/dnw5-1024x687.jpg 1024w, https:\/\/dnwfriends.nzl.org\/wp-content\/uploads\/2021\/11\/dnw5-300x201.jpg 300w, https:\/\/dnwfriends.nzl.org\/wp-content\/uploads\/2021\/11\/dnw5-768x515.jpg 768w, https:\/\/dnwfriends.nzl.org\/wp-content\/uploads\/2021\/11\/dnw5.jpg 2016w\" sizes=\"(max-width: 1024px) 100vw, 1024px\" \/><figcaption>3<\/figcaption><\/figure><\/li><li class=\"blocks-gallery-item\"><figure><img decoding=\"async\" loading=\"lazy\" width=\"805\" height=\"1024\" src=\"https:\/\/dnwfriends.nzl.org\/wp-content\/uploads\/2021\/11\/dnw4-805x1024.jpg\" alt=\"\" data-id=\"2264\" data-link=\"https:\/\/dnwfriends.nzl.org\/?attachment_id=2264\" class=\"wp-image-2264\" srcset=\"https:\/\/dnwfriends.nzl.org\/wp-content\/uploads\/2021\/11\/dnw4-805x1024.jpg 805w, https:\/\/dnwfriends.nzl.org\/wp-content\/uploads\/2021\/11\/dnw4-236x300.jpg 236w, https:\/\/dnwfriends.nzl.org\/wp-content\/uploads\/2021\/11\/dnw4-768x976.jpg 768w, https:\/\/dnwfriends.nzl.org\/wp-content\/uploads\/2021\/11\/dnw4.jpg 1444w\" sizes=\"(max-width: 805px) 100vw, 805px\" \/><figcaption>4<\/figcaption><\/figure><\/li><li class=\"blocks-gallery-item\"><figure><img decoding=\"async\" loading=\"lazy\" width=\"1024\" height=\"693\" src=\"https:\/\/dnwfriends.nzl.org\/wp-content\/uploads\/2021\/11\/dnw3-1024x693.jpg\" alt=\"\" data-id=\"2265\" data-link=\"https:\/\/dnwfriends.nzl.org\/?attachment_id=2265\" class=\"wp-image-2265\" srcset=\"https:\/\/dnwfriends.nzl.org\/wp-content\/uploads\/2021\/11\/dnw3-1024x693.jpg 1024w, https:\/\/dnwfriends.nzl.org\/wp-content\/uploads\/2021\/11\/dnw3-300x203.jpg 300w, https:\/\/dnwfriends.nzl.org\/wp-content\/uploads\/2021\/11\/dnw3-768x520.jpg 768w, https:\/\/dnwfriends.nzl.org\/wp-content\/uploads\/2021\/11\/dnw3.jpg 2017w\" sizes=\"(max-width: 1024px) 100vw, 1024px\" \/><figcaption>5<\/figcaption><\/figure><\/li><li class=\"blocks-gallery-item\"><figure><img decoding=\"async\" loading=\"lazy\" width=\"1024\" height=\"655\" src=\"https:\/\/dnwfriends.nzl.org\/wp-content\/uploads\/2021\/11\/dnw2-1024x655.jpg\" alt=\"\" data-id=\"2266\" data-link=\"https:\/\/dnwfriends.nzl.org\/?attachment_id=2266\" class=\"wp-image-2266\" srcset=\"https:\/\/dnwfriends.nzl.org\/wp-content\/uploads\/2021\/11\/dnw2-1024x655.jpg 1024w, https:\/\/dnwfriends.nzl.org\/wp-content\/uploads\/2021\/11\/dnw2-300x192.jpg 300w, https:\/\/dnwfriends.nzl.org\/wp-content\/uploads\/2021\/11\/dnw2-768x491.jpg 768w, https:\/\/dnwfriends.nzl.org\/wp-content\/uploads\/2021\/11\/dnw2.jpg 2013w\" sizes=\"(max-width: 1024px) 100vw, 1024px\" \/><figcaption>6<\/figcaption><\/figure><\/li><li class=\"blocks-gallery-item\"><figure><img decoding=\"async\" loading=\"lazy\" width=\"1024\" height=\"768\" src=\"https:\/\/dnwfriends.nzl.org\/wp-content\/uploads\/2021\/11\/dnw1-1024x768.jpg\" alt=\"\" data-id=\"2267\" data-link=\"https:\/\/dnwfriends.nzl.org\/?attachment_id=2267\" class=\"wp-image-2267\" srcset=\"https:\/\/dnwfriends.nzl.org\/wp-content\/uploads\/2021\/11\/dnw1-1024x768.jpg 1024w, https:\/\/dnwfriends.nzl.org\/wp-content\/uploads\/2021\/11\/dnw1-300x225.jpg 300w, https:\/\/dnwfriends.nzl.org\/wp-content\/uploads\/2021\/11\/dnw1-768x576.jpg 768w, https:\/\/dnwfriends.nzl.org\/wp-content\/uploads\/2021\/11\/dnw1-350x263.jpg 350w, https:\/\/dnwfriends.nzl.org\/wp-content\/uploads\/2021\/11\/dnw1.jpg 2016w\" sizes=\"(max-width: 1024px) 100vw, 1024px\" \/><figcaption>7<\/figcaption><\/figure><\/li><\/ul>\n\n\n\n<p>1 <\/p>\n\n\n\n<p>Flammarion\u2019s &#8216;Album du P\u00e8re Castor&#8217; series of picture books was developed and edited by Parisian bookseller Paul Faucher, an admirer of the concept of child-centred education. Faucher was inspired by the cheap but colourful children\u2019s books produced by state publishing houses in Russia from 1918 onwards, in which the use of autolithography was a key part of keeping costs down. Like their Russian predecessors, the &#8216;P\u00e8re Castor&#8217; books were intended to be a source of inspiration for children rather than precious objects.<br> Daudet, Alphonse. &#8216;La ch\u00e8vre de Monsieur Seguin&#8217;. Illustrated by Andr\u00e9 Pecq.<br> Paris: Flammarion, 1946.<br> (Series: &#8216;Album du P\u00e8re Castor&#8217;)<\/p>\n\n\n\n<p>2 <\/p>\n\n\n\n<p>&#8216;Puffin picture books&#8217; were the brainchild of publisher Noel Carrington who developed and edited the series, and production began in 1940. It was particularly important during wartime that the books be affordable and, again, costs were kept down by the artists drawing directly on the lithographic plates, streamlining the usual printing process. These abundantly illustrated books initially cost only sixpence each.<br> Johnston, Arnrid. &#8216;Animals of North America&#8217;.<br> Harmondsworth, Middlesex: Penguin Books, 1942.<br> (Series: &#8216;Puffin picture books&#8217;, 28)<\/p>\n\n\n\n<p>3 <\/p>\n\n\n\n<p>In this story Orlando and his family open a shop called &#8216;The Frisky Housewife&#8217;. The shop stocks all kinds of wonderful things that are exchanged for fish and milk to feed hungry stray cats.<br> Hale, Kathleen. &#8216;Orlando (the marmalade cat): The Frisky Housewife&#8217;.<br> London: Country Life Ltd., 1956.<br> Printed by W.S. Cowell<\/p>\n\n\n\n<p>4 <\/p>\n\n\n\n<p>Kathleen Hale learnt how to create her own lithograph separation plates at the publisher W.S. Cowell. To combat the shortage of metal during World War II, Cowell had invented the Plasticowell lithography system, in which illustrations were drawn on thin plastic plates. Each colour was drawn on a separate transparent plate, and the artist could overlay the transparencies while they worked to check their progress.<br> An author\u2019s note on the back of the title page reads: \u201cThe illustrations in this book have been drawn direct by the author on \u2018Plasticowell\u2019 a transparent plastic material used in lithography and lithographed in Great Britain by W.S. Cowell at their press, the Butter Market, Ipswich\u201d<br> Hale, Kathleen. &#8216;Orlando (the marmalade cat) keeps a dog&#8217;.<br> London: Country Life Ltd.; New York: Transatlantic Arts, 1949.<\/p>\n\n\n\n<p>5 <\/p>\n\n\n\n<p>The artist lithography process in action. In this photograph Henri Matisse uses a crayon to draw directly onto a prepared lithographic stone.<br> Loche, Ren\u00e9e. &#8216;Lithography&#8217;.<br> New York: Van Nostrand Reinhold,1974.<\/p>\n\n\n\n<p>6 <\/p>\n\n\n\n<p>Richard Chopping both wrote and lithographed this beautiful example of a Puffin picture book, one of several natural history and children\u2019s books that he produced in the 1940s.<br> Chopping, Richard. &#8216;Butterflies in Britain&#8217;.<br> West Drayton, Middlesex: Penguin Books, 1943.<br> (Series: &#8216;Puffin picture books&#8217;, 29)<\/p>\n\n\n\n<p>7 <\/p>\n\n\n\n<p>Artist Lithography in Children\u2019s Books display drawn from the National Children\u2019s Collection.<br>\nLithography is a printing method which takes an image from a flat surface, using the principle of the opposition between oil and water. In artist lithography (also called autolithography or hand lithography) the artist draws or paints directly onto a stone, transfer paper or printing plate using oil-based media, for example a special grease pencil. The artwork then goes through a preparatory process before the image can be printed onto paper. <br>\nThis process gives the artist full control over their work, for example colour blending, tone and shading. In other lithography processes, an artist\u2019s illustration is transferred to the printing plate by professional lithographers before being printed.<\/p>\n","protected":false},"excerpt":{"rendered":"<p>Artist Lithography in Children\u2019s Books \u2014 Lithography is a printing method which takes an image&#8230;<\/p>\n","protected":false},"author":1,"featured_media":0,"parent":0,"menu_order":0,"comment_status":"closed","ping_status":"closed","template":"","meta":{"footnotes":""},"_links":{"self":[{"href":"https:\/\/dnwfriends.nzl.org\/index.php\/wp-json\/wp\/v2\/pages\/2260"}],"collection":[{"href":"https:\/\/dnwfriends.nzl.org\/index.php\/wp-json\/wp\/v2\/pages"}],"about":[{"href":"https:\/\/dnwfriends.nzl.org\/index.php\/wp-json\/wp\/v2\/types\/page"}],"author":[{"embeddable":true,"href":"https:\/\/dnwfriends.nzl.org\/index.php\/wp-json\/wp\/v2\/users\/1"}],"replies":[{"embeddable":true,"href":"https:\/\/dnwfriends.nzl.org\/index.php\/wp-json\/wp\/v2\/comments?post=2260"}],"version-history":[{"count":6,"href":"https:\/\/dnwfriends.nzl.org\/index.php\/wp-json\/wp\/v2\/pages\/2260\/revisions"}],"predecessor-version":[{"id":2276,"href":"https:\/\/dnwfriends.nzl.org\/index.php\/wp-json\/wp\/v2\/pages\/2260\/revisions\/2276"}],"wp:attachment":[{"href":"https:\/\/dnwfriends.nzl.org\/index.php\/wp-json\/wp\/v2\/media?parent=2260"}],"curies":[{"name":"wp","href":"https:\/\/api.w.org\/{rel}","templated":true}]}}